{"id":184,"date":"2007-12-27T23:39:59","date_gmt":"2007-12-27T22:39:59","guid":{"rendered":"http:\/\/lenin.se\/kommunistiskapartiet\/nyhetsbrev\/"},"modified":"2010-09-16T14:46:17","modified_gmt":"2010-09-16T12:46:17","slug":"nyhetsbrev","status":"publish","type":"page","link":"https:\/\/kvaxjo.se\/?page_id=184","title":{"rendered":"Nyhetsbrev"},"content":{"rendered":"<p>P\u00e5 denna sida kan du anm\u00e4la dig till partiavdelningens nyhetsbrev.<\/p>\n<p>Skulle anm\u00e4lningsforuml\u00e4ret av n\u00e5gon anledning inte fungera, skicka d\u00e5 ett mejl till nyhetsbrev[at]kvaxjo[punkt]se (spamskydd, byt ut [at] mot @ och [punkt] mot . ) s\u00e5 l\u00e4gger vi till dig manuellt! Mejla \u00e4ven g\u00e4rna om du har n\u00e5gra andra fr\u00e5gor! Vissa tekniska delar \u00e4r p\u00e5 engelska \u00e4n s\u00e5 l\u00e4nge, men vi arbetar p\u00e5 att \u00e4ndra dessa instruktioner till svenska.<\/p>\n<p><strong>Tidigare nyhetsbrev<\/strong><\/p>\n<p><a href=\"http:\/\/kvaxjo.se\/media\/utanfor-systemet\/utanforsystemet410.html\" target=\"_blank\">Utanf\u00f6r Systemet nr 4\/2010 &#8211; valspecial<\/a><br \/>\n<a href=\"http:\/\/kvaxjo.se\/?p=984\">Utanf\u00f6r Systemet nr 3\/2010<\/a><br \/>\n<a href=\"http:\/\/kvaxjo.se\/?p=903\">Utanf\u00f6r Systemet nr 2\/2010<\/a><br \/>\n<a href=\"http:\/\/kvaxjo.se\/media\/utanfor-systemet\/utanforsystemet1001.html\" target=\"_blank\">Utanf\u00f6r Systemet nr 1\/2010<\/a><br \/>\n<a href=\"http:\/\/kvaxjo.se\/media\/utanfor-systemet\/utanforsystemet309.html\" target=\"_blank\">Utanf\u00f6r Systemet nr 3\/2009<\/a><br \/>\n<a href=\"http:\/\/kvaxjo.se\/media\/utanfor-systemet\/utanforsystemet209.html\" target=\"_blank\">Utanf\u00f6r Systemet nr 2\/2009<\/a><br \/>\n<a href=\"http:\/\/kvaxjo.se\/media\/utanfor-systemet\/utanforsystemet109.html\" target=\"_blank\">Utanf\u00f6r Systemet nr 1\/2009<\/a><br \/>\n<a href=\"http:\/\/kvaxjo.se\/media\/utanfor-systemet\/utanforsystemet308.html\" target=\"_blank\">Utanf\u00f6r Systemet nr 3\/2008<\/a><br \/>\n<a href=\"http:\/\/kvaxjo.se\/media\/utanfor-systemet\/utanforsystemet208.html\" target=\"_blank\">Utanf\u00f6r Systemet nr 2\/2008<\/a><br \/>\n<a href=\"http:\/\/kvaxjo.se\/media\/utanfor-systemet\/utanforsystemet108.html\" target=\"_blank\">Utanf\u00f6r Systemet nr 1\/2008<\/a><\/p>\n<p><strong>Prenumerera p\u00e5 nyhetsbrevet<\/strong><\/p>\n<p><iframe loading=\"lazy\" src=\"http:\/\/kvaxjo.se\/phplist\/?p=subscribe&#038;id=3\" height=\"500\" width=\"500\" scrolling=\"no\" border=\"0\"><br \/>\n            Din webl\u00e4sare st\u00f6djer inte Iframes &#8211; g\u00e5 till <a href=\"http:\/\/kvaxjo.se\/phplist\/?p=subscribe&#038;id=3\" target=\"_blank\">http:\/\/kvaxjo.se\/phplist\/?p=subscribe&#038;id=3<\/a> f\u00f6r att prenumerera p\u00e5 nyhetsbrevet.<br \/>\n        <\/iframe><\/p>\n","protected":false},"excerpt":{"rendered":"<p>P\u00e5 denna sida kan du anm\u00e4la dig till partiavdelningens nyhetsbrev. Skulle anm\u00e4lningsforuml\u00e4ret av n\u00e5gon anledning inte fungera, skicka d\u00e5 ett mejl till nyhetsbrev[at]kvaxjo[punkt]se (spamskydd, byt ut [at] mot @ och [punkt] mot . ) s\u00e5 l\u00e4gger vi till dig manuellt! Mejla \u00e4ven g\u00e4rna om du har n\u00e5gra andra fr\u00e5gor! Vissa tekniska delar \u00e4r p\u00e5 engelska [&hellip;]<\/p>\n","protected":false},"author":1,"featured_media":0,"parent":0,"menu_order":0,"comment_status":"closed","ping_status":"closed","template":"","meta":[],"_links":{"self":[{"href":"https:\/\/kvaxjo.se\/index.php?rest_route=\/wp\/v2\/pages\/184"}],"collection":[{"href":"https:\/\/kvaxjo.se\/index.php?rest_route=\/wp\/v2\/pages"}],"about":[{"href":"https:\/\/kvaxjo.se\/index.php?rest_route=\/wp\/v2\/types\/page"}],"author":[{"embeddable":true,"href":"https:\/\/kvaxjo.se\/index.php?rest_route=\/wp\/v2\/users\/1"}],"replies":[{"embeddable":true,"href":"https:\/\/kvaxjo.se\/index.php?rest_route=%2Fwp%2Fv2%2Fcomments&post=184"}],"version-history":[{"count":35,"href":"https:\/\/kvaxjo.se\/index.php?rest_route=\/wp\/v2\/pages\/184\/revisions"}],"predecessor-version":[{"id":1353,"href":"https:\/\/kvaxjo.se\/index.php?rest_route=\/wp\/v2\/pages\/184\/revisions\/1353"}],"wp:attachment":[{"href":"https:\/\/kvaxjo.se\/index.php?rest_route=%2Fwp%2Fv2%2Fmedia&parent=184"}],"curies":[{"name":"wp","href":"https:\/\/api.w.org\/{rel}","templated":true}]}}